{"id":78,"date":"2010-07-12T12:30:28","date_gmt":"2010-07-12T10:30:28","guid":{"rendered":"http:\/\/www.gs-schweigert.de\/wordpress\/?page_id=78"},"modified":"2025-02-11T21:11:06","modified_gmt":"2025-02-11T19:11:06","slug":"bergbau-im-mittelalter","status":"publish","type":"page","link":"https:\/\/www.magister-montium.de\/?page_id=78","title":{"rendered":"Bergbau im Mittelalter"},"content":{"rendered":"<p><strong>Wichtiger Hinweis<\/strong><\/p>\n<p><strong>Dieser Text ist der momentane Stand unserer Recherche. Er ist keine Arbeit im wissenschaftlichen Sinne, zumindest im Moment nicht.<br \/>\n<\/strong><strong>Der in eckige Klammern und kursiv gedruckte Text sind Fragen, die f\u00fcr uns noch offen sind.<\/strong><\/p>\n<p>Quellen in Buchform:<\/p>\n<p>Heiko Steuer, Ulrich Zimmermann (Hrsg): Montanarch\u00e4ologie in Europa, Thorbecke 1993<\/p>\n<p>Heiko Steuer, Gerd Goldenberg, J\u00fcrgen Otto (Hrsg): Metallh\u00fcttenwesen im Schwarzwald, Thorbecke 1996<\/p>\n<p>Gregor Markl, S\u00f6nke Lorenz: Silber &#8211; Kupfer &#8211; Kobalt \/ Bergbau im Schwarzwald, Markstein 2004<\/p>\n<p>Georgius Agricola: De re metallica libri XII (1556), deutsche Version von Philippus Bechius (1557), siehe auch Link unten<\/p>\n<p>Ulrich R\u00fchlein von Calw: Ein n\u00fctzlich Bergb\u00fcchlein<\/p>\n<h3>Links zum Nach- und Weiterlesen<\/h3>\n<p>Georgius Acricola: <a href=\"http:\/\/www.digitalis.uni-koeln.de\/Agricola\/agricola_index.html\" target=\"_blank\" rel=\"noopener\">De re metallica libris, deutsche \u00dcberarbeitung von Carl Schiffner 1928<\/a><\/p>\n<p><a href=\"http:\/\/www.sagen.at\/doku\/bergbau\/Bergregal_Tirol.html\" target=\"_blank\" rel=\"noopener\">Bergbau in \u00d6sterreich und Tirol<\/a><\/p>\n<p>Christian M\u00fcller: <a href=\"http:\/\/www.familia-ministerialis.de\/treppenhauer.pdf\" target=\"_blank\" rel=\"noopener\">Die Bergbausiedlung auf dem Treppenhauer im Erzgebirge, Hausarbeit<\/a><\/p>\n<p><a href=\"http:\/\/www.ufg.uni-freiburg.de\/d\/publ\/zimm1.html\" target=\"_blank\" rel=\"noopener\">http:\/\/www.ufg.uni-freiburg.de\/d\/publ\/zimm1.html<\/a><\/p>\n<p>http:\/\/mitglied.lycos.de\/fagbergbau\/51,0,erzprospektion,index,0.html<\/p>\n<p>http:\/\/www.frsw.de\/bergwerk.htm<\/p>\n<p>http:\/\/www.ufg.uni-freiburg.de\/d\/publ\/gg\/stu\/index.html<\/p>\n<p>http:\/\/uprav.ff.cuni.cz\/pages\/doktorandskaSkola\/stolarczyk.pdf<\/p>\n<p>Mittelalter-Wiki: http:\/\/u0028844496.user.hosting-agency.de\/malexwiki\/index.php\/Hauptseite<\/p>\n<p>http:\/\/www.mineralienatlas.de\/lexikon\/index.php\/Kapitel\/Bergbau<\/p>\n","protected":false},"excerpt":{"rendered":"<p>Wichtiger Hinweis Dieser Text ist der momentane Stand unserer Recherche. Er ist keine Arbeit im wissenschaftlichen Sinne, zumindest im Moment nicht. Der in eckige Klammern und kursiv gedruckte Text sind Fragen, die f\u00fcr uns noch offen sind. Quellen in Buchform: Heiko Steuer, Ulrich Zimmermann (Hrsg): Montanarch\u00e4ologie in Europa, Thorbecke 1993 Heiko Steuer, Gerd Goldenberg, J\u00fcrgen &hellip; <\/p>\n<p class=\"link-more\"><a href=\"https:\/\/www.magister-montium.de\/?page_id=78\" class=\"more-link\"><span class=\"screen-reader-text\">\u201eBergbau im Mittelalter\u201c<\/span> weiterlesen<\/a><\/p>\n","protected":false},"author":1,"featured_media":0,"parent":0,"menu_order":3,"comment_status":"closed","ping_status":"closed","template":"","meta":{"footnotes":""},"class_list":["post-78","page","type-page","status-publish","hentry"],"_links":{"self":[{"href":"https:\/\/www.magister-montium.de\/index.php?rest_route=\/wp\/v2\/pages\/78","targetHints":{"allow":["GET"]}}],"collection":[{"href":"https:\/\/www.magister-montium.de\/index.php?rest_route=\/wp\/v2\/pages"}],"about":[{"href":"https:\/\/www.magister-montium.de\/index.php?rest_route=\/wp\/v2\/types\/page"}],"author":[{"embeddable":true,"href":"https:\/\/www.magister-montium.de\/index.php?rest_route=\/wp\/v2\/users\/1"}],"replies":[{"embeddable":true,"href":"https:\/\/www.magister-montium.de\/index.php?rest_route=%2Fwp%2Fv2%2Fcomments&post=78"}],"version-history":[{"count":14,"href":"https:\/\/www.magister-montium.de\/index.php?rest_route=\/wp\/v2\/pages\/78\/revisions"}],"predecessor-version":[{"id":1291,"href":"https:\/\/www.magister-montium.de\/index.php?rest_route=\/wp\/v2\/pages\/78\/revisions\/1291"}],"wp:attachment":[{"href":"https:\/\/www.magister-montium.de\/index.php?rest_route=%2Fwp%2Fv2%2Fmedia&parent=78"}],"curies":[{"name":"wp","href":"https:\/\/api.w.org\/{rel}","templated":true}]}}