{"id":442,"date":"2010-08-23T08:50:19","date_gmt":"2010-08-23T06:50:19","guid":{"rendered":"http:\/\/www.gs-schweigert.de\/wordpress\/?page_id=442"},"modified":"2025-02-11T18:19:51","modified_gmt":"2025-02-11T16:19:51","slug":"home","status":"publish","type":"page","link":"https:\/\/www.magister-montium.de\/","title":{"rendered":"Willkommen"},"content":{"rendered":"<h2>Bergbau im Hochmittelalter<\/h2>\n<p>Schon in der Fr\u00fchzeit wurde n\u00fctzliches Material wie Feuerstein und Erz aus dem Boden entnommen. In sp\u00e4teren Zeiten wurden ben\u00f6tigte Rohstoffe aus einfachen Gruben und Stollen gef\u00f6rdert.<\/p>\n<p>Im Mittelalter entwickelten die Bergleute Techniken zum Sichern und Treiben von Stollen, zur F\u00f6rderung und zur Weiterverarbeitung des gef\u00f6rderten Materials und verfeinerten damit die bereits gut entwickelten Techniken aus der R\u00f6merzeit.<\/p>\n<p>Wir versuchen, so weit das m\u00f6glich ist, interessierten G\u00e4sten sowohl technische, menschliche, als auch \u00f6kologische Aspekte dieses Berufs nahe zu bringen.<\/p>\n<p>Eine der F\u00fchrungskr\u00e4fte war lange Zeit der &#8222;Bergmeister&#8220;.\u00a0\u00a0Der Bergmeister (lat. Magister montium) war ein Beamter des jeweiligen Landesherrn, der von diesem beauftragt war, den Bergbau zu \u00fcberwachen und das Bergrecht auszu\u00fcben.<\/p>\n","protected":false},"excerpt":{"rendered":"<p>Bergbau im Hochmittelalter Schon in der Fr\u00fchzeit wurde n\u00fctzliches Material wie Feuerstein und Erz aus dem Boden entnommen. In sp\u00e4teren Zeiten wurden ben\u00f6tigte Rohstoffe aus einfachen Gruben und Stollen gef\u00f6rdert. Im Mittelalter entwickelten die Bergleute Techniken zum Sichern und Treiben von Stollen, zur F\u00f6rderung und zur Weiterverarbeitung des gef\u00f6rderten Materials und verfeinerten damit die bereits &hellip; <\/p>\n<p class=\"link-more\"><a href=\"https:\/\/www.magister-montium.de\/\" class=\"more-link\"><span class=\"screen-reader-text\">\u201eWillkommen\u201c<\/span> weiterlesen<\/a><\/p>\n","protected":false},"author":1,"featured_media":0,"parent":0,"menu_order":0,"comment_status":"closed","ping_status":"closed","template":"","meta":{"footnotes":""},"class_list":["post-442","page","type-page","status-publish","hentry"],"_links":{"self":[{"href":"https:\/\/www.magister-montium.de\/index.php?rest_route=\/wp\/v2\/pages\/442","targetHints":{"allow":["GET"]}}],"collection":[{"href":"https:\/\/www.magister-montium.de\/index.php?rest_route=\/wp\/v2\/pages"}],"about":[{"href":"https:\/\/www.magister-montium.de\/index.php?rest_route=\/wp\/v2\/types\/page"}],"author":[{"embeddable":true,"href":"https:\/\/www.magister-montium.de\/index.php?rest_route=\/wp\/v2\/users\/1"}],"replies":[{"embeddable":true,"href":"https:\/\/www.magister-montium.de\/index.php?rest_route=%2Fwp%2Fv2%2Fcomments&post=442"}],"version-history":[{"count":14,"href":"https:\/\/www.magister-montium.de\/index.php?rest_route=\/wp\/v2\/pages\/442\/revisions"}],"predecessor-version":[{"id":1237,"href":"https:\/\/www.magister-montium.de\/index.php?rest_route=\/wp\/v2\/pages\/442\/revisions\/1237"}],"wp:attachment":[{"href":"https:\/\/www.magister-montium.de\/index.php?rest_route=%2Fwp%2Fv2%2Fmedia&parent=442"}],"curies":[{"name":"wp","href":"https:\/\/api.w.org\/{rel}","templated":true}]}}