{"id":308,"date":"2010-07-22T16:44:11","date_gmt":"2010-07-22T14:44:11","guid":{"rendered":"http:\/\/www.gs-schweigert.de\/wordpress\/?page_id=308"},"modified":"2025-02-11T21:24:50","modified_gmt":"2025-02-11T19:24:50","slug":"hinweise-fur-veranstalter","status":"publish","type":"page","link":"https:\/\/www.magister-montium.de\/?page_id=308","title":{"rendered":"Veranstalterinfo"},"content":{"rendered":"<h1>Hinweis vorab<\/h1>\n<h1>Wir sind in den letzten Jahren dazu \u00fcbergegangen, nicht mehr auf &#8222;M\u00e4rkte&#8220; zu gehen. Es gibt M\u00e4rkte, auf denen wir gerne mitlagern w\u00fcrden, aber diese sind immer zu Zeiten, an denen wir definitiv nicht k\u00f6nnen. :-(<\/h1>\n<p><strong>Lagerleben<\/strong><\/p>\n<p>Da wir nur 2 Personen sind, ist unser Lager entsprechend \u00fcbersichtlich.<br \/>\nWir kommen mit einer Fl\u00e4che von max. 10 x 10 m aus. Auf dieser Fl\u00e4che steht dann ein kleines Geteld (A-Zelt) und ein Tarp. Zelt und Tarp sind aus Leinen.<\/p>\n<p>Im Normalfall leben wir unser Lagerleben, wir kochen, essen, trinken, schlafen, sp\u00fclen Geschirr usw.<\/p>\n<p>Wir kochen gerne und haben entsprechende Ausr\u00fcstung sowie einiges an Hintergrundwissen zum Thema Hauswirtschaft, historischen Herstellungs- und Konservierungsmethoden, auch etwas Wissen zu historischem Ackerbau\/Viehzucht ist vorhanden. Wir kochen (nach bestem Wissen) nur mit Zutaten und Rezepten, die der Jahreszeit entsprechen und die f\u00fcr das Hochmittelalter \u00fcberliefert sind.<\/p>\n<h3>Frauengesch\u00e4fte<\/h3>\n<p>Susanna kocht, n\u00e4ht, stickt, spinnt mir Rocken und Handspindel.<\/p>\n<h3>Das Thema Bergbau<\/h3>\n<p>Bergbau l\u00e4sst sich in einem Lager nat\u00fcrlich nicht ausreichend darstellen.<br \/>\nWir f\u00fchren unterschiedliche Gesteinsproben (haupts\u00e4chlich aus dem Schwarzwald) mit, anhand denen der Bergmeister einiges erkl\u00e4ren kann.<br \/>\nAu\u00dferdem ist ein Teil an Arbeitsger\u00e4t vorhanden wie z.B. Hammer, Schlegel, Bergeisen, spezielle Talglichter.<br \/>\nFindet eine Veranstaltung in einer geologisch interessanten Gegend statt, sind auch Erkl\u00e4rungen in der direkten Umgebung der Veranstaltung m\u00f6glich.<br \/>\nDer Bergmeister verf\u00fcgt auch \u00fcber Wissen, das einem Heerf\u00fchrer zur Eroberung einer Burg dienlich sein k\u00f6nnte ;o)<br \/>\nAnsonsten verbringt er seinen Tag auch schon mal damit, ein im Stein verstecktes Tier frei zu kratzen.<\/p>\n","protected":false},"excerpt":{"rendered":"<p>Hinweis vorab Wir sind in den letzten Jahren dazu \u00fcbergegangen, nicht mehr auf &#8222;M\u00e4rkte&#8220; zu gehen. Es gibt M\u00e4rkte, auf denen wir gerne mitlagern w\u00fcrden, aber diese sind immer zu Zeiten, an denen wir definitiv nicht k\u00f6nnen. :-( Lagerleben Da wir nur 2 Personen sind, ist unser Lager entsprechend \u00fcbersichtlich. Wir kommen mit einer Fl\u00e4che &hellip; <\/p>\n<p class=\"link-more\"><a href=\"https:\/\/www.magister-montium.de\/?page_id=308\" class=\"more-link\"><span class=\"screen-reader-text\">\u201eVeranstalterinfo\u201c<\/span> weiterlesen<\/a><\/p>\n","protected":false},"author":1,"featured_media":0,"parent":0,"menu_order":5,"comment_status":"closed","ping_status":"closed","template":"","meta":{"footnotes":""},"class_list":["post-308","page","type-page","status-publish","hentry"],"_links":{"self":[{"href":"https:\/\/www.magister-montium.de\/index.php?rest_route=\/wp\/v2\/pages\/308","targetHints":{"allow":["GET"]}}],"collection":[{"href":"https:\/\/www.magister-montium.de\/index.php?rest_route=\/wp\/v2\/pages"}],"about":[{"href":"https:\/\/www.magister-montium.de\/index.php?rest_route=\/wp\/v2\/types\/page"}],"author":[{"embeddable":true,"href":"https:\/\/www.magister-montium.de\/index.php?rest_route=\/wp\/v2\/users\/1"}],"replies":[{"embeddable":true,"href":"https:\/\/www.magister-montium.de\/index.php?rest_route=%2Fwp%2Fv2%2Fcomments&post=308"}],"version-history":[{"count":11,"href":"https:\/\/www.magister-montium.de\/index.php?rest_route=\/wp\/v2\/pages\/308\/revisions"}],"predecessor-version":[{"id":1296,"href":"https:\/\/www.magister-montium.de\/index.php?rest_route=\/wp\/v2\/pages\/308\/revisions\/1296"}],"wp:attachment":[{"href":"https:\/\/www.magister-montium.de\/index.php?rest_route=%2Fwp%2Fv2%2Fmedia&parent=308"}],"curies":[{"name":"wp","href":"https:\/\/api.w.org\/{rel}","templated":true}]}}