{"id":1286,"date":"2025-02-11T21:05:34","date_gmt":"2025-02-11T19:05:34","guid":{"rendered":"http:\/\/www.magister-montium.de\/?page_id=1286"},"modified":"2025-02-11T21:05:34","modified_gmt":"2025-02-11T19:05:34","slug":"bergstaedte","status":"publish","type":"page","link":"https:\/\/www.magister-montium.de\/?page_id=1286","title":{"rendered":"Bergst\u00e4dte"},"content":{"rendered":"<p>Fr\u00fche Bergst\u00e4dte im deutschen Sprachraum waren<\/p>\n<p>\u2022 im Harz: Goslar (gegr. 922, Erzbergbau seit sp\u00e4testens 968), Gittelde, Badenhausen und D\u00fcna;<\/p>\n<p>\u2022 im Schwarzwald: Prinzbach, St. Ulrich, Todtnau und M\u00fcnster;<\/p>\n<p>\u2022 im Elsa\u00df: Ste-Marie-aux-Mines, Pfaffenloch<\/p>\n<p>\u2022 im s\u00e4chsischen Erzgebirge: Treppenhauer, Hartmannsdorf und Ullersberg\/Wolkenburg;<\/p>\n<p>\u2022 im Siegerland: Altenberg (bei M\u00fcsen);<\/p>\n<p>\u2022 an der Weser: Corvey.<\/p>\n","protected":false},"excerpt":{"rendered":"<p>Fr\u00fche Bergst\u00e4dte im deutschen Sprachraum waren \u2022 im Harz: Goslar (gegr. 922, Erzbergbau seit sp\u00e4testens 968), Gittelde, Badenhausen und D\u00fcna; \u2022 im Schwarzwald: Prinzbach, St. Ulrich, Todtnau und M\u00fcnster; \u2022 im Elsa\u00df: Ste-Marie-aux-Mines, Pfaffenloch \u2022 im s\u00e4chsischen Erzgebirge: Treppenhauer, Hartmannsdorf und Ullersberg\/Wolkenburg; \u2022 im Siegerland: Altenberg (bei M\u00fcsen); \u2022 an der Weser: Corvey.<\/p>\n","protected":false},"author":1,"featured_media":0,"parent":78,"menu_order":0,"comment_status":"closed","ping_status":"closed","template":"","meta":{"footnotes":""},"class_list":["post-1286","page","type-page","status-publish","hentry"],"_links":{"self":[{"href":"https:\/\/www.magister-montium.de\/index.php?rest_route=\/wp\/v2\/pages\/1286","targetHints":{"allow":["GET"]}}],"collection":[{"href":"https:\/\/www.magister-montium.de\/index.php?rest_route=\/wp\/v2\/pages"}],"about":[{"href":"https:\/\/www.magister-montium.de\/index.php?rest_route=\/wp\/v2\/types\/page"}],"author":[{"embeddable":true,"href":"https:\/\/www.magister-montium.de\/index.php?rest_route=\/wp\/v2\/users\/1"}],"replies":[{"embeddable":true,"href":"https:\/\/www.magister-montium.de\/index.php?rest_route=%2Fwp%2Fv2%2Fcomments&post=1286"}],"version-history":[{"count":1,"href":"https:\/\/www.magister-montium.de\/index.php?rest_route=\/wp\/v2\/pages\/1286\/revisions"}],"predecessor-version":[{"id":1287,"href":"https:\/\/www.magister-montium.de\/index.php?rest_route=\/wp\/v2\/pages\/1286\/revisions\/1287"}],"up":[{"embeddable":true,"href":"https:\/\/www.magister-montium.de\/index.php?rest_route=\/wp\/v2\/pages\/78"}],"wp:attachment":[{"href":"https:\/\/www.magister-montium.de\/index.php?rest_route=%2Fwp%2Fv2%2Fmedia&parent=1286"}],"curies":[{"name":"wp","href":"https:\/\/api.w.org\/{rel}","templated":true}]}}