{"id":1280,"date":"2025-02-11T21:03:51","date_gmt":"2025-02-11T19:03:51","guid":{"rendered":"http:\/\/www.magister-montium.de\/?page_id=1280"},"modified":"2025-02-11T21:03:51","modified_gmt":"2025-02-11T19:03:51","slug":"geschichte-des-bergrechts","status":"publish","type":"page","link":"https:\/\/www.magister-montium.de\/?page_id=1280","title":{"rendered":"Geschichte des Bergrechts"},"content":{"rendered":"<p>1028<\/p>\n<p>Eine der \u00e4ltesten bergrechtlichen Urkunden Mitteleuropas stammt aus dem deutschen S\u00fcdwesten. Kaiser Konrad II \u00fcbertrug darin Bergbaurechte im s\u00fcdlichen Breisgau, die hier widerspruchslos schon wie Bergregalien behandelt worden sind, an den Bischof von Basel. Das Bergregal war das uneingeschr\u00e4nkte Verf\u00fcgungsrecht des Landesherrn \u00fcber eine bestimmte Auswahl von Mineralen.<\/p>\n<p>1158<\/p>\n<p>Schriftlich festgelegt wurde der Begriff des Bergregals erstmals in der Ronkalischen Konstitution, in der Kaiser Friedrich 1. Barbarossa sein Verf\u00fcgungsrecht auf Silber und Salz verk\u00fcndet hat (zun\u00e4chst nur in Italien g\u00fcltig).<\/p>\n<p>1185<\/p>\n<p>\u00c4lteste Aufzeichnungen bergbaulicher Gewohnheitsrechte in einem Vertrag des Bischofs von Trient<\/p>\n<p>1208<\/p>\n<p>Festlegung des Vertrags von 1185 als Gesetz (&#8222;Trienter Bergordnung&#8220;)<\/p>\n<p>1356<\/p>\n<p>Goldene Bulle, Bergregal an die Kurf\u00fcrsten<\/p>\n<p>1408<\/p>\n<p>Schladminger Bergbrief, durch Trienter Bergordnung beeinflusst, erlangt gro\u00dfe Bedeutung im gesamten s\u00fcddeutschen Bergbau<\/p>\n<p>1648<\/p>\n<p>Westf\u00e4lischer Friede, Bergregal auch an alle anderen F\u00fcrsten<\/p>\n<p>Quelle: http:\/\/www.lgrb.uni-freiburg.de\/lgrb\/Ueber_uns\/geschichte\/geschichte_bergrecht<\/p>\n","protected":false},"excerpt":{"rendered":"<p>1028 Eine der \u00e4ltesten bergrechtlichen Urkunden Mitteleuropas stammt aus dem deutschen S\u00fcdwesten. Kaiser Konrad II \u00fcbertrug darin Bergbaurechte im s\u00fcdlichen Breisgau, die hier widerspruchslos schon wie Bergregalien behandelt worden sind, an den Bischof von Basel. Das Bergregal war das uneingeschr\u00e4nkte Verf\u00fcgungsrecht des Landesherrn \u00fcber eine bestimmte Auswahl von Mineralen. 1158 Schriftlich festgelegt wurde der Begriff &hellip; <\/p>\n<p class=\"link-more\"><a href=\"https:\/\/www.magister-montium.de\/?page_id=1280\" class=\"more-link\"><span class=\"screen-reader-text\">\u201eGeschichte des Bergrechts\u201c<\/span> weiterlesen<\/a><\/p>\n","protected":false},"author":1,"featured_media":0,"parent":78,"menu_order":0,"comment_status":"closed","ping_status":"closed","template":"","meta":{"footnotes":""},"class_list":["post-1280","page","type-page","status-publish","hentry"],"_links":{"self":[{"href":"https:\/\/www.magister-montium.de\/index.php?rest_route=\/wp\/v2\/pages\/1280","targetHints":{"allow":["GET"]}}],"collection":[{"href":"https:\/\/www.magister-montium.de\/index.php?rest_route=\/wp\/v2\/pages"}],"about":[{"href":"https:\/\/www.magister-montium.de\/index.php?rest_route=\/wp\/v2\/types\/page"}],"author":[{"embeddable":true,"href":"https:\/\/www.magister-montium.de\/index.php?rest_route=\/wp\/v2\/users\/1"}],"replies":[{"embeddable":true,"href":"https:\/\/www.magister-montium.de\/index.php?rest_route=%2Fwp%2Fv2%2Fcomments&post=1280"}],"version-history":[{"count":1,"href":"https:\/\/www.magister-montium.de\/index.php?rest_route=\/wp\/v2\/pages\/1280\/revisions"}],"predecessor-version":[{"id":1281,"href":"https:\/\/www.magister-montium.de\/index.php?rest_route=\/wp\/v2\/pages\/1280\/revisions\/1281"}],"up":[{"embeddable":true,"href":"https:\/\/www.magister-montium.de\/index.php?rest_route=\/wp\/v2\/pages\/78"}],"wp:attachment":[{"href":"https:\/\/www.magister-montium.de\/index.php?rest_route=%2Fwp%2Fv2%2Fmedia&parent=1280"}],"curies":[{"name":"wp","href":"https:\/\/api.w.org\/{rel}","templated":true}]}}