{"id":1234,"date":"2021-08-22T17:53:08","date_gmt":"2021-08-22T15:53:08","guid":{"rendered":"http:\/\/www.magister-montium.de\/?page_id=1234"},"modified":"2021-08-22T17:56:43","modified_gmt":"2021-08-22T15:56:43","slug":"pilzsosse-nach-the-book-of-sent-sovi-katalonische-rezepte-aus-dem-13-14-jhd","status":"publish","type":"page","link":"https:\/\/www.magister-montium.de\/?page_id=1234","title":{"rendered":"Pilzso\u00dfe nach \u201eThe Book of Sent Sov\u00ed\u201c \u2013 Katalonische Rezepte aus dem 13.\/14. Jhd."},"content":{"rendered":"<p>Hier eine Rezension zu diesem Kochbuch: <a href=\"https:\/\/friedrich-und-hildegard.at\/2021\/07\/16\/rezension-the-book-of-sent-sovi-katalonische-rezepte-aus-dem-13-14-jhd\/?fbclid=IwAR1lM8uvPnNEt_d1UIH2Ou1_oUMNpzJWHl8kDKzlb0sxJ88Of53cc8G2sWs\">https:\/\/friedrich-und-hildegard.at\/2021\/07\/16\/rezension-the-book-of-sent-sovi-katalonische-rezepte-aus-dem-13-14-jhd\/<\/a><\/p>\n<p>Die englische \u00dcbersetzung des Rezepts lautet wie folgt:<\/p>\n<p><em>Mushroom Sauce:<\/em><\/p>\n<p><em>If you want to make sauce of mushrooms that are boiled, pressed and fried with oil, make the sauce like this: take onion, parsley, vinegar and spices, and mix it with vinegar and a little water\u00a0 Make pieces of mushrooms, to fry or serve with a fried mixture and then put them in their sauce, or serve them grilled with salt and oil.<\/em><\/p>\n<p>Also: gekochte und danach gebratene Pilze. Eventuell noch mit etwas zus\u00e4tzlichem (\u201efried mixture\u201c?) Dazu etwas, was sich liest wie eine Vinaigrette aus Essig, Zwiebeln, Petersilie und Gew\u00fcrzen. F\u00fcr die, die die Pilze lieber ohne die So\u00dfe essen wollen, soll man die Pilze mit Salz und \u00d6l grillen (?).<\/p>\n<p>Dem modernen Koch (m\/w\/d) stellen sich die Fragen: welche Pilze? Welche Gr\u00f6\u00dfe ist mit \u201eSt\u00fccken\u201c gemeint \u2013 gro\u00dfe oder kleine St\u00fccke? Mit welcher Art \u00d6l braten \u2013 Oliven\u00f6l? Welcher Essig? Welche Gew\u00fcrze?! Und vor allem: wieviel von allem?!<\/p>\n<h2>Vorgeschichte<\/h2>\n<p>Wir waren auf der Ostalb wandern, in der Hoffnung, dort vielleicht auch die ersten Pfifferlinge zu finden. Am Ende war es ein Sammelsurium aus 8 verschiedenen Pilzsorten, darunter auch Pfifferlinge.<\/p>\n<figure id=\"attachment_1214\" aria-describedby=\"caption-attachment-1214\" style=\"width: 474px\" class=\"wp-caption alignleft\"><img loading=\"lazy\" decoding=\"async\" class=\"wp-image-1214 size-large\" src=\"https:\/\/www.magister-montium.de\/wp-content\/uploads\/Pilze_Auswahl-1024x576.jpg\" alt=\"\" width=\"474\" height=\"267\" srcset=\"https:\/\/www.magister-montium.de\/wp-content\/uploads\/Pilze_Auswahl-1024x576.jpg 1024w, https:\/\/www.magister-montium.de\/wp-content\/uploads\/Pilze_Auswahl-300x169.jpg 300w, https:\/\/www.magister-montium.de\/wp-content\/uploads\/Pilze_Auswahl-768x432.jpg 768w\" sizes=\"auto, (max-width: 474px) 100vw, 474px\" \/><figcaption id=\"caption-attachment-1214\" class=\"wp-caption-text\">Die Ausbeute einer Pilz-Wanderung<\/figcaption><\/figure>\n<p>Dieses Foto hatte ich auf Instagram und Facebook gepostet, und es kam von Christa Schwab \u2013 die Autorin der oben genannten Rezension \u2013 die Frage, ob ich die Pilze nach dem Rezept von Sent Sov\u00ed zubereiten wollte. Ja, warum eigentlich nicht? Die Zutaten waren alle im Haus.<\/p>\n<h2>Der Versuch<\/h2>\n<h3>Die Pilze<\/h3>\n<p>Die Pfifferlinge waren da schon separat zum Einfrieren vorbereitet. Die anderen Pilze \u2013 Hexenr\u00f6hrlinge, ein Steinpilz, eine Marone, ein paar Fichtenreizker, ein paar kleine M\u00f6nchsk\u00f6pfe und ein Safranschirmling habe ich in gr\u00f6\u00dfere St\u00fccke geschnitten, ganz kurz gekocht und eine H\u00e4lfte davon f\u00fcr das Experiment genommen.<\/p>\n<p>Das Rezept sieht vor, dass man die Pilze zuerst kocht und dann br\u00e4t. Das bedeutet, die geschmacksintensive Kochbr\u00fche muss weggesch\u00fcttet werden! Dann soll man die Pilze pressen, damit sie noch mehr Fl\u00fcssigkeit verlieren. Klingt sinnvoll, wenn man sie braten m\u00f6chte. Nur, dass funktioniert nicht mit allen Pilzen. Bei R\u00f6hrlingen wie dem Steinpilz oder den Hexenr\u00f6hrlingen birgt das die Gefahr, dass man nur noch Pilzmatsch in der Sch\u00fcssel hat. Und unsere Sammlung bestand haupts\u00e4chlich aus R\u00f6hrlingen. Andererseits soll es ja eine SOSSE sein. Also doch Pilzmatsch?<\/p>\n<p>Ich habe mich daf\u00fcr entschieden, die Pilze in einem Sieb gut abtropfen lassen und habe sie danach mit K\u00fcchenkrepp noch etwas nachgetrocknet. Feucht waren sie dann aber immer noch.<\/p>\n<h3>Die Gew\u00fcrze<\/h3>\n<p>Man soll Gew\u00fcrze nehmen. Sch\u00f6n, nur welche? Pilze haben eigentlich einen guten Eigengeschmack. Die Frage w\u00e4re jetzt, ob die damaligen K\u00f6che diesen Eigengeschmack eher hervorheben oder eher durch Gew\u00fcrze unterdr\u00fccken wollten? (\u00dcber Pilze in der 4-S\u00e4fte-Lehre habe ich gar nicht erst angefangen nachzudenken, vielleicht w\u00e4re das hilfreich gewesen. Kommen die da \u00fcberhaupt drin vor?)<\/p>\n<figure id=\"attachment_1212\" aria-describedby=\"caption-attachment-1212\" style=\"width: 264px\" class=\"wp-caption alignleft\"><img loading=\"lazy\" decoding=\"async\" class=\"size-medium wp-image-1212\" src=\"https:\/\/www.magister-montium.de\/wp-content\/uploads\/Gewuerze_1-264x300.jpg\" alt=\"\" width=\"264\" height=\"300\" srcset=\"https:\/\/www.magister-montium.de\/wp-content\/uploads\/Gewuerze_1-264x300.jpg 264w, https:\/\/www.magister-montium.de\/wp-content\/uploads\/Gewuerze_1-768x874.jpg 768w, https:\/\/www.magister-montium.de\/wp-content\/uploads\/Gewuerze_1-900x1024.jpg 900w\" sizes=\"auto, (max-width: 264px) 100vw, 264px\" \/><figcaption id=\"caption-attachment-1212\" class=\"wp-caption-text\">Der erste Gew\u00fcrz-Mischversuch<\/figcaption><\/figure>\n<p>Ich habe mich schlie\u00dflich dazu entschlossen, au\u00dfer Salz eher pfeffrige Gew\u00fcrze zu nehmen. Also waren es: Meersalz, langer Pfeffer, Mohrenpfeffer (ja, der hei\u00dft so. Lebt damit.), ein paar Paradiesk\u00f6rner, ein paar Nelkenk\u00f6pfchen und ein wenig Kreuzk\u00fcmmel.<\/p>\n<p>Nach dem M\u00f6rsern und Probieren dachte ich, das w\u00fcrde auch zu dem Lammfleisch passen, das ich parallel zubereitet habe. Also nochmal mehr Rohware in den M\u00f6rser. Nach einigen Minuten sah das dann so aus:<\/p>\n<figure id=\"attachment_1213\" aria-describedby=\"caption-attachment-1213\" style=\"width: 257px\" class=\"wp-caption alignleft\"><img loading=\"lazy\" decoding=\"async\" class=\"size-medium wp-image-1213\" src=\"https:\/\/www.magister-montium.de\/wp-content\/uploads\/Gewuerze_2-257x300.jpg\" alt=\"\" width=\"257\" height=\"300\" srcset=\"https:\/\/www.magister-montium.de\/wp-content\/uploads\/Gewuerze_2-257x300.jpg 257w, https:\/\/www.magister-montium.de\/wp-content\/uploads\/Gewuerze_2-768x896.jpg 768w, https:\/\/www.magister-montium.de\/wp-content\/uploads\/Gewuerze_2-877x1024.jpg 877w\" sizes=\"auto, (max-width: 257px) 100vw, 257px\" \/><figcaption id=\"caption-attachment-1213\" class=\"wp-caption-text\">Die fertig gem\u00f6rserte Gew\u00fcrzmischung<\/figcaption><\/figure>\n<h3>Die So\u00dfe<\/h3>\n<p>Dazu kam dann 1\/4 kleingehackte Zwiebel, reichlich klein geschnittene Petersilie (ich hatte die gro\u00dfbl\u00e4ttrige zur Verf\u00fcgung) und Apfelessig (war halt nur dieser da \u2026). Einen Moment dachte ich daran, Verjus anstatt des Essigs zu nehmen, aber in dem Rezept steht \u201eEssig\u201c, und das gleich zwei Mal, also \u2026 Essig. Das Wasser habe ich weggelassen, weil der Apfelessig sehr mild ist.<\/p>\n<p>Das Ergebnis war eine ziemlich gr\u00fcne, durchaus gut schmeckende So\u00dfe, die auch gut an einen Kopfsalat passen w\u00fcrde:<\/p>\n<figure id=\"attachment_1215\" aria-describedby=\"caption-attachment-1215\" style=\"width: 300px\" class=\"wp-caption alignleft\"><img loading=\"lazy\" decoding=\"async\" class=\"wp-image-1215 size-medium\" src=\"https:\/\/www.magister-montium.de\/wp-content\/uploads\/Sosse_1-300x169.jpg\" alt=\"\" width=\"300\" height=\"169\" srcset=\"https:\/\/www.magister-montium.de\/wp-content\/uploads\/Sosse_1-300x169.jpg 300w, https:\/\/www.magister-montium.de\/wp-content\/uploads\/Sosse_1-768x432.jpg 768w, https:\/\/www.magister-montium.de\/wp-content\/uploads\/Sosse_1-1024x576.jpg 1024w\" sizes=\"auto, (max-width: 300px) 100vw, 300px\" \/><figcaption id=\"caption-attachment-1215\" class=\"wp-caption-text\">Die &#8222;Salatso\u00dfe&#8220;<\/figcaption><\/figure>\n<h3>\u2026 und wieder die Pilze<\/h3>\n<p>Zum Braten der Pilze habe ich Oliven\u00f6l genommen. Immerhin ist es ein katalanisches Rezept, da wurde vielleicht eher mit Oliven\u00f6l gearbeitet.<\/p>\n<p>Wie vermutet, die Pilze waren noch feucht, das Anbraten hinterlie\u00df einige \u00d6lspritzer auf dem Herd (siehe Foto unten), aber es ging dann schon irgendwie. Es wurde auch nicht matschig, wie ich bef\u00fcrchtet hatte.<\/p>\n<figure id=\"attachment_1216\" aria-describedby=\"caption-attachment-1216\" style=\"width: 474px\" class=\"wp-caption alignleft\"><img loading=\"lazy\" decoding=\"async\" class=\"wp-image-1216 size-large\" src=\"https:\/\/www.magister-montium.de\/wp-content\/uploads\/Sosse_2-1024x576.jpg\" alt=\"\" width=\"474\" height=\"267\" srcset=\"https:\/\/www.magister-montium.de\/wp-content\/uploads\/Sosse_2-1024x576.jpg 1024w, https:\/\/www.magister-montium.de\/wp-content\/uploads\/Sosse_2-300x169.jpg 300w, https:\/\/www.magister-montium.de\/wp-content\/uploads\/Sosse_2-768x432.jpg 768w\" sizes=\"auto, (max-width: 474px) 100vw, 474px\" \/><figcaption id=\"caption-attachment-1216\" class=\"wp-caption-text\">Pilze und mit Kr\u00e4utern gef\u00fclltes Lammfleisch<\/figcaption><\/figure>\n<p>(die Pilzpfanne auf dem Foto links, rechts das Lammfleisch)<\/p>\n<p>Zum Servieren habe ich die Pilze ohne die fettige Fl\u00fcssigkeit in eine Sch\u00fcssel gesch\u00f6pft und die So\u00dfe einfach dr\u00fcber gesch\u00fcttet.<\/p>\n<figure id=\"attachment_1217\" aria-describedby=\"caption-attachment-1217\" style=\"width: 474px\" class=\"wp-caption alignleft\"><img loading=\"lazy\" decoding=\"async\" class=\"wp-image-1217 size-large\" src=\"https:\/\/www.magister-montium.de\/wp-content\/uploads\/Sosse_fertig-1024x576.jpg\" alt=\"\" width=\"474\" height=\"267\" srcset=\"https:\/\/www.magister-montium.de\/wp-content\/uploads\/Sosse_fertig-1024x576.jpg 1024w, https:\/\/www.magister-montium.de\/wp-content\/uploads\/Sosse_fertig-300x169.jpg 300w, https:\/\/www.magister-montium.de\/wp-content\/uploads\/Sosse_fertig-768x432.jpg 768w\" sizes=\"auto, (max-width: 474px) 100vw, 474px\" \/><figcaption id=\"caption-attachment-1217\" class=\"wp-caption-text\">Die fertig zubereitete Pilzso\u00dfe<\/figcaption><\/figure>\n<h2>Ergebnis<\/h2>\n<p>Schmeckt \u00fcberraschend gut!<\/p>\n<p>Durch die kalte \u201eSalatso\u00dfe\u201c k\u00fchlen nat\u00fcrlich auch die Pilze ab. Wer auf hei\u00dfes Essen Wert legt, ist hier vielleicht entt\u00e4uscht.<\/p>\n<h2>Resum\u00e9e<\/h2>\n<p>Das Rezept l\u00e4sst, wie so oft, jede Menge Spielraum, was die Zutaten abseits der Hauptzutat angeht. Entsprechend variabel wird dann auch der Geschmack. Und schon die Hauptzutat sollte enorme Auswirkungen haben, was den Geschmack angeht.<\/p>\n<p>Hier noch etwas zu den Pilzen: ich habe mich f\u00fcr eine festere Konsistenz entschieden. Ob das die damaligen Kriterien f\u00fcr eine Pilzso\u00dfe erf\u00fcllt \u2013 vermutlich eher nicht.<\/p>\n<p>Aus heutiger Sicht k\u00f6nnte man dieses Rezept von \u201ePilzbrei mit Salatso\u00dfe\u201c \u00fcber \u201ehat noch ein wenig Biss\u201c (meine Version) zu \u201eknusprige Pilze mit gr\u00fcner So\u00dfe\u201c zubereiten. F\u00fcr die dritte Version w\u00fcrde ich Pilze empfehlen, die nach dem Kochen immer noch fest sind, also Pfifferlinge, Reizker, Stockschw\u00e4mmchen, Schwefelporlinge, und andere mir unbekannte Sorten. Wer keine M\u00f6glichkeit hat, Waldpilze zu bekommen, k\u00f6nnte die im Supermarkt oft erh\u00e4ltlichen Kalbfleischpilze oder Austernseitlinge nehmen. Oder die bereits vorgekochten Stockschw\u00e4mmchen, Mu-Err-Pilze, Mischpilze aus der Dose oder dem Glas.<\/p>\n","protected":false},"excerpt":{"rendered":"<p>Hier eine Rezension zu diesem Kochbuch: https:\/\/friedrich-und-hildegard.at\/2021\/07\/16\/rezension-the-book-of-sent-sovi-katalonische-rezepte-aus-dem-13-14-jhd\/ Die englische \u00dcbersetzung des Rezepts lautet wie folgt: Mushroom Sauce: If you want to make sauce of mushrooms that are boiled, pressed and fried with oil, make the sauce like this: take onion, parsley, vinegar and spices, and mix it with vinegar and a little water\u00a0 Make pieces &hellip; <\/p>\n<p class=\"link-more\"><a href=\"https:\/\/www.magister-montium.de\/?page_id=1234\" class=\"more-link\"><span class=\"screen-reader-text\">\u201ePilzso\u00dfe nach \u201eThe Book of Sent Sov\u00ed\u201c \u2013 Katalonische Rezepte aus dem 13.\/14. Jhd.\u201c<\/span> weiterlesen<\/a><\/p>\n","protected":false},"author":1,"featured_media":1217,"parent":1093,"menu_order":1,"comment_status":"closed","ping_status":"closed","template":"","meta":{"footnotes":""},"class_list":["post-1234","page","type-page","status-publish","has-post-thumbnail","hentry"],"_links":{"self":[{"href":"https:\/\/www.magister-montium.de\/index.php?rest_route=\/wp\/v2\/pages\/1234","targetHints":{"allow":["GET"]}}],"collection":[{"href":"https:\/\/www.magister-montium.de\/index.php?rest_route=\/wp\/v2\/pages"}],"about":[{"href":"https:\/\/www.magister-montium.de\/index.php?rest_route=\/wp\/v2\/types\/page"}],"author":[{"embeddable":true,"href":"https:\/\/www.magister-montium.de\/index.php?rest_route=\/wp\/v2\/users\/1"}],"replies":[{"embeddable":true,"href":"https:\/\/www.magister-montium.de\/index.php?rest_route=%2Fwp%2Fv2%2Fcomments&post=1234"}],"version-history":[{"count":1,"href":"https:\/\/www.magister-montium.de\/index.php?rest_route=\/wp\/v2\/pages\/1234\/revisions"}],"predecessor-version":[{"id":1235,"href":"https:\/\/www.magister-montium.de\/index.php?rest_route=\/wp\/v2\/pages\/1234\/revisions\/1235"}],"up":[{"embeddable":true,"href":"https:\/\/www.magister-montium.de\/index.php?rest_route=\/wp\/v2\/pages\/1093"}],"wp:featuredmedia":[{"embeddable":true,"href":"https:\/\/www.magister-montium.de\/index.php?rest_route=\/wp\/v2\/media\/1217"}],"wp:attachment":[{"href":"https:\/\/www.magister-montium.de\/index.php?rest_route=%2Fwp%2Fv2%2Fmedia&parent=1234"}],"curies":[{"name":"wp","href":"https:\/\/api.w.org\/{rel}","templated":true}]}}