{"id":1133,"date":"2015-04-05T17:54:39","date_gmt":"2015-04-05T15:54:39","guid":{"rendered":"http:\/\/www.magister-montium.de\/?page_id=1133"},"modified":"2025-02-11T21:39:49","modified_gmt":"2025-02-11T19:39:49","slug":"talgherstellung-ein-schmieriges-geschaeft","status":"publish","type":"page","link":"https:\/\/www.magister-montium.de\/?page_id=1133","title":{"rendered":"Unschlittherstellung \u2013 ein schmieriges Gesch\u00e4ft"},"content":{"rendered":"<p>Da wir in unserem Fundus inzwischen 4 Talgl\u00e4mpchen haben, wollte ich nat\u00fcrlich auch einen gewissen Vorrat an Brennmaterial.<\/p>\n<p>Also, dachte ich, frag doch den Bauern, bei dem wir jedes Jahr unsere ca. 20 kg Rindfleisch holten, ob er uns beim Schlachten das Nierenfett auf die Seite tun k\u00f6nne. Ja, macht er. Bei der endg\u00fcltigen Terminabsprache sagte er am Telefon, sie h\u00e4tten jetzt das Fett von 2 Rindern auf die Seite, ob mir das reiche? Ich \u2013 aus einem Bauchgef\u00fchl heraus \u2013 sagte, ja, reicht. Mit was auch mein Bauchgef\u00fchl nicht rechnen konnte: Nierenfett von 2 Rindern ist eine unglaubliche Menge Zeugs!<\/p>\n<p><a href=\"https:\/\/www.magister-montium.de\/wp-content\/uploads\/DSC_0097.jpg\"><img loading=\"lazy\" decoding=\"async\" class=\"alignleft size-medium wp-image-1134\" src=\"https:\/\/www.magister-montium.de\/wp-content\/uploads\/DSC_0097-300x169.jpg\" alt=\"DSC_0097\" width=\"300\" height=\"169\" srcset=\"https:\/\/www.magister-montium.de\/wp-content\/uploads\/DSC_0097-300x169.jpg 300w, https:\/\/www.magister-montium.de\/wp-content\/uploads\/DSC_0097-1024x576.jpg 1024w\" sizes=\"auto, (max-width: 300px) 100vw, 300px\" \/><\/a>Ich habe es nicht gewogen, aber 10 Kilo waren es locker. Und optisch schon ein wenig eine Herausforderung, da man auch noch die Zu- und Ableitungen der Nieren deutlich sah (wenn das jemand sehen will, stelle ich hier gern noch ein Detailfoto ein).<\/p>\n<p>Da wir ja hier ein wenig beim Thema \u201eangewandte Arch\u00e4ologie\u201c sind: die Rinder sind deutsche Angus, also eine eher kleinere Rasse (Rassebeschreibung siehe hier: <a href=\"http:\/\/www.angus-bundesverband.de\/index.php\/de\/rassebeschreibung\">http:\/\/www.angus-bundesverband.de\/index.php\/de\/rassebeschreibung<\/a>). Die Rinder sind also schon gr\u00f6\u00dfer als die Rinder des Mittelalters, aber bei weitem kleiner als zum Beispiel eine holsteinische Schwarzbunte. Und ein so kleines Rind hat eine solche Menge Fett um die Nieren rum?! Das war durchaus eine Erkenntnis.<\/p>\n<p>Ich hatte es so gewollt. Nachdem wir also das Fleisch vollends portioniert und in den Gefrierschrank gepackt hatten, verbrachte ich weitere zwei Stunden dieses Abends und nochmal drei Stunden (gesch\u00e4tzt) des n\u00e4chsten Tages damit, diesen riesen Batzen in kleine St\u00fcckchen zu w\u00fcrfeln und jeweils den gr\u00f6\u00dften unserer T\u00f6pfe damit zu f\u00fcllen. Bald zog ein gew\u00f6hnungsbed\u00fcrftiger Duft durchs Haus, nicht unbedingt eklig, aber na ja \u2026 fettig halt.<\/p>\n<p>Beim Aussieden des Fetts sollte man eher langsam anfangen. Lieber zuerst ein wenig kleinere Hitze unterm Topf, damit die Fettst\u00fcckchen nicht anbacken. Wir wollen ja wei\u00dfes Fett.<br \/>\n<strong>Besser ist es, die Fettst\u00fcckchen in Wasser anzusetzen, dann brennt nichts an.<\/strong><\/p>\n<p><a href=\"https:\/\/www.magister-montium.de\/wp-content\/uploads\/DSC_00991.jpg\"><img loading=\"lazy\" decoding=\"async\" class=\"alignleft size-medium wp-image-1135\" src=\"https:\/\/www.magister-montium.de\/wp-content\/uploads\/DSC_00991-300x169.jpg\" alt=\"DSC_0099\" width=\"300\" height=\"169\" srcset=\"https:\/\/www.magister-montium.de\/wp-content\/uploads\/DSC_00991-300x169.jpg 300w, https:\/\/www.magister-montium.de\/wp-content\/uploads\/DSC_00991-1024x576.jpg 1024w\" sizes=\"auto, (max-width: 300px) 100vw, 300px\" \/><\/a>Und immer wieder r\u00fchren, r\u00fchren, r\u00fchren! Nach einer Weile bekommt man ein Gef\u00fchl f\u00fcr die notwendige Hitze, und dann geht es auch flotter mit dem Aussieden.<\/p>\n<p>Ich habe immer gewartet, bis sich im Topf genug fl\u00fcssiges Fett gesammelt hatte, und dieses durch ein feines Sieb in die Sch\u00fcsseln gef\u00fcllt.<\/p>\n<p><a href=\"https:\/\/www.magister-montium.de\/wp-content\/uploads\/DSC_01001.jpg\"><img loading=\"lazy\" decoding=\"async\" class=\"alignleft size-medium wp-image-1136\" src=\"https:\/\/www.magister-montium.de\/wp-content\/uploads\/DSC_01001-300x169.jpg\" alt=\"DSC_0100\" width=\"300\" height=\"169\" srcset=\"https:\/\/www.magister-montium.de\/wp-content\/uploads\/DSC_01001-300x169.jpg 300w, https:\/\/www.magister-montium.de\/wp-content\/uploads\/DSC_01001-1024x576.jpg 1024w\" sizes=\"auto, (max-width: 300px) 100vw, 300px\" \/><\/a>Dann wieder ger\u00fchrt, gewartet, ger\u00fchrt, Fett gesch\u00f6pft, ger\u00fchrt, und so weiter, bis am Ende nur noch die Grieben im Topf \u00fcbrig sind. Diese kann man dann auch noch in ein Sieb tun und das daran h\u00e4ngende Fett abtropfen lassen.<\/p>\n<p>Das Ergebnis waren ca. 5 kg reines Talg und eine Sch\u00fcssel voll Grieben. Diese kann ich leider nicht verwerten, die Sch\u00fcssel steht drau\u00dfen auf dem Terrassentisch und wird von Amseln, Spatzen, Spechten und gelegentlich einem Rotkehlchen besucht.<\/p>\n<p>Nachtrag: Der Talg eignet sich in frischem Zustand auch zum Anbraten oder Frittieren.<\/p>\n","protected":false},"excerpt":{"rendered":"<p>Da wir in unserem Fundus inzwischen 4 Talgl\u00e4mpchen haben, wollte ich nat\u00fcrlich auch einen gewissen Vorrat an Brennmaterial. Also, dachte ich, frag doch den Bauern, bei dem wir jedes Jahr unsere ca. 20 kg Rindfleisch holten, ob er uns beim Schlachten das Nierenfett auf die Seite tun k\u00f6nne. Ja, macht er. Bei der endg\u00fcltigen Terminabsprache &hellip; <\/p>\n<p class=\"link-more\"><a href=\"https:\/\/www.magister-montium.de\/?page_id=1133\" class=\"more-link\"><span class=\"screen-reader-text\">\u201eUnschlittherstellung \u2013 ein schmieriges Gesch\u00e4ft\u201c<\/span> weiterlesen<\/a><\/p>\n","protected":false},"author":1,"featured_media":0,"parent":18,"menu_order":0,"comment_status":"closed","ping_status":"closed","template":"","meta":{"footnotes":""},"class_list":["post-1133","page","type-page","status-publish","hentry"],"_links":{"self":[{"href":"https:\/\/www.magister-montium.de\/index.php?rest_route=\/wp\/v2\/pages\/1133","targetHints":{"allow":["GET"]}}],"collection":[{"href":"https:\/\/www.magister-montium.de\/index.php?rest_route=\/wp\/v2\/pages"}],"about":[{"href":"https:\/\/www.magister-montium.de\/index.php?rest_route=\/wp\/v2\/types\/page"}],"author":[{"embeddable":true,"href":"https:\/\/www.magister-montium.de\/index.php?rest_route=\/wp\/v2\/users\/1"}],"replies":[{"embeddable":true,"href":"https:\/\/www.magister-montium.de\/index.php?rest_route=%2Fwp%2Fv2%2Fcomments&post=1133"}],"version-history":[{"count":4,"href":"https:\/\/www.magister-montium.de\/index.php?rest_route=\/wp\/v2\/pages\/1133\/revisions"}],"predecessor-version":[{"id":1315,"href":"https:\/\/www.magister-montium.de\/index.php?rest_route=\/wp\/v2\/pages\/1133\/revisions\/1315"}],"up":[{"embeddable":true,"href":"https:\/\/www.magister-montium.de\/index.php?rest_route=\/wp\/v2\/pages\/18"}],"wp:attachment":[{"href":"https:\/\/www.magister-montium.de\/index.php?rest_route=%2Fwp%2Fv2%2Fmedia&parent=1133"}],"curies":[{"name":"wp","href":"https:\/\/api.w.org\/{rel}","templated":true}]}}