{"id":11,"date":"2010-07-12T11:30:27","date_gmt":"2010-07-12T09:30:27","guid":{"rendered":"http:\/\/www.gs-schweigert.de\/wordpress\/?page_id=11"},"modified":"2025-02-11T18:27:55","modified_gmt":"2025-02-11T16:27:55","slug":"uber-uns","status":"publish","type":"page","link":"https:\/\/www.magister-montium.de\/?page_id=11","title":{"rendered":"\u00dcber uns"},"content":{"rendered":"<p>Wir haben uns ganz bewu\u00dft daf\u00fcr entschieden, unsere realen Namen weitgehend beizubehalten. Aus G\u00fcnter wurde Gunter, aus Susanne wurde Susanna. Auch w\u00e4hrend unserer Mittelalterdarstellung sind wir keine anderen Menschen, wir sind immer noch wir selbst. Nat\u00fcrlich versuchen wir, innerhalb von kleinen Rollenspielen unsere Rolle m\u00f6glichst gut auszuf\u00fcllen, aber uns beiden fehlt die schauspielerische F\u00e4higkeit, ein anderes &#8222;Ich&#8220; zu werden.<\/p>\n<h3>Gunter\u00a0 aka Dr. G\u00fcnter Schweigert<\/h3>\n<p><a href=\"https:\/\/www.magister-montium.de\/?attachment_id=1085\" rel=\"attachment wp-att-1085\"><img loading=\"lazy\" decoding=\"async\" class=\"size-medium wp-image-1085 alignleft\" title=\"DSC_0063\" src=\"https:\/\/www.magister-montium.de\/wp-content\/uploads\/DSC_0063-300x225.jpg\" alt=\"\" width=\"300\" height=\"225\" srcset=\"https:\/\/www.magister-montium.de\/wp-content\/uploads\/DSC_0063-300x225.jpg 300w, https:\/\/www.magister-montium.de\/wp-content\/uploads\/DSC_0063-1024x768.jpg 1024w, https:\/\/www.magister-montium.de\/wp-content\/uploads\/DSC_0063-150x112.jpg 150w, https:\/\/www.magister-montium.de\/wp-content\/uploads\/DSC_0063-400x300.jpg 400w\" sizes=\"auto, (max-width: 300px) 100vw, 300px\" \/><\/a><\/p>\n<p style=\"text-align: left;\">G\u00fcnter ist im &#8222;realen Leben&#8220; Geologe und Pal\u00e4ontologe.<br \/>\nDa lag es nahe, eine Darstellung zu finden, die mit mehr oder weniger edlen Steinen zu tun hat.<\/p>\n<h3>Susanna\u00a0 aka Susanne Schweigert<\/h3>\n<p><a href=\"https:\/\/www.magister-montium.de\/?attachment_id=1084\" rel=\"attachment wp-att-1084\"><img loading=\"lazy\" decoding=\"async\" class=\"alignleft size-medium wp-image-1084\" title=\"DSC_0098\" src=\"https:\/\/www.magister-montium.de\/wp-content\/uploads\/DSC_00982-160x300.jpg\" alt=\"\" width=\"160\" height=\"300\" srcset=\"https:\/\/www.magister-montium.de\/wp-content\/uploads\/DSC_00982-160x300.jpg 160w, https:\/\/www.magister-montium.de\/wp-content\/uploads\/DSC_00982-80x150.jpg 80w\" sizes=\"auto, (max-width: 160px) 100vw, 160px\" \/><\/a><\/p>\n<p>Susanne ist im &#8222;realen Leben&#8220; eher technisch unterwegs, interessiert sich aber (auch) f\u00fcr den Altbergbau und bef\u00e4hrt hin und wieder auch alte Stollen.<\/p>\n<p>&nbsp;<\/p>\n","protected":false},"excerpt":{"rendered":"<p>Wir haben uns ganz bewu\u00dft daf\u00fcr entschieden, unsere realen Namen weitgehend beizubehalten. Aus G\u00fcnter wurde Gunter, aus Susanne wurde Susanna. Auch w\u00e4hrend unserer Mittelalterdarstellung sind wir keine anderen Menschen, wir sind immer noch wir selbst. Nat\u00fcrlich versuchen wir, innerhalb von kleinen Rollenspielen unsere Rolle m\u00f6glichst gut auszuf\u00fcllen, aber uns beiden fehlt die schauspielerische F\u00e4higkeit, ein &hellip; <\/p>\n<p class=\"link-more\"><a href=\"https:\/\/www.magister-montium.de\/?page_id=11\" class=\"more-link\"><span class=\"screen-reader-text\">\u201e\u00dcber uns\u201c<\/span> weiterlesen<\/a><\/p>\n","protected":false},"author":1,"featured_media":0,"parent":0,"menu_order":2,"comment_status":"closed","ping_status":"open","template":"","meta":{"footnotes":""},"class_list":["post-11","page","type-page","status-publish","hentry"],"_links":{"self":[{"href":"https:\/\/www.magister-montium.de\/index.php?rest_route=\/wp\/v2\/pages\/11","targetHints":{"allow":["GET"]}}],"collection":[{"href":"https:\/\/www.magister-montium.de\/index.php?rest_route=\/wp\/v2\/pages"}],"about":[{"href":"https:\/\/www.magister-montium.de\/index.php?rest_route=\/wp\/v2\/types\/page"}],"author":[{"embeddable":true,"href":"https:\/\/www.magister-montium.de\/index.php?rest_route=\/wp\/v2\/users\/1"}],"replies":[{"embeddable":true,"href":"https:\/\/www.magister-montium.de\/index.php?rest_route=%2Fwp%2Fv2%2Fcomments&post=11"}],"version-history":[{"count":36,"href":"https:\/\/www.magister-montium.de\/index.php?rest_route=\/wp\/v2\/pages\/11\/revisions"}],"predecessor-version":[{"id":1238,"href":"https:\/\/www.magister-montium.de\/index.php?rest_route=\/wp\/v2\/pages\/11\/revisions\/1238"}],"wp:attachment":[{"href":"https:\/\/www.magister-montium.de\/index.php?rest_route=%2Fwp%2Fv2%2Fmedia&parent=11"}],"curies":[{"name":"wp","href":"https:\/\/api.w.org\/{rel}","templated":true}]}}