{"id":1095,"date":"2014-03-01T17:45:32","date_gmt":"2014-03-01T15:45:32","guid":{"rendered":"http:\/\/www.magister-montium.de\/?page_id=1095"},"modified":"2021-08-22T17:31:32","modified_gmt":"2021-08-22T15:31:32","slug":"kleidung","status":"publish","type":"page","link":"https:\/\/www.magister-montium.de\/?page_id=1095","title":{"rendered":"Kleidung"},"content":{"rendered":"<p>Unser Kleiderfundus wird mit jedem Jahr gr\u00f6\u00dfer. Jedes Mal, wenn ich denke, jetzt hast du endlich alles beieinander, entdecke ich wieder Fehler an den Klamotten. Die Anspr\u00fcche an den Stoff ver\u00e4ndern sich. Ich versuche mich &#8211; bislang dilettantisch &#8211; am Besticken von \u00c4rmel- und Halsbes\u00e4tzen. Man ist Gast bei anderen Gruppen und meint hinterher, man k\u00f6nne doch auch einmal versuchen, was aus Seide zu n\u00e4hen &#8230;<br \/>\nund, zumindest bei uns, sind auch gewisse tierische Mitbewohner ein Thema. Das hei\u00dft, viele unserer wollenen Kleidungsst\u00fccke haben gestopfte oder \u00fcberflickte Mottenl\u00f6cher. Und manche wurden aussortiert und diesen als &#8222;Ersatzteillager&#8220;.<br \/>\nUnsere Kleidung war von Anfang an von Hand gen\u00e4ht (ich besitze gar keine N\u00e4hmaschine). \u00dcber die Jahre w\u00e4chst die Routine, ein Kleidungsst\u00fcck wird schneller fertig und sitzt auch besser als die ersten Exemplare. In dieser Phase entstanden auch zwei Kleider, die historisch gesehen (vermutlich) nicht stimmig sind, z.B. ein Kleid aus gutem blauen Wollstoff und normalen \u00c4rmeln, aber mit Seitenschn\u00fcrungen sowie ein Bliaut ebenfalls aus Wollstoff.<\/p>\n<div id='gallery-1' class='gallery galleryid-1095 gallery-columns-3 gallery-size-thumbnail'><figure class='gallery-item'>\n\t\t\t<div class='gallery-icon landscape'>\n\t\t\t\t<a href='https:\/\/www.magister-montium.de\/?attachment_id=1118'><img loading=\"lazy\" decoding=\"async\" width=\"150\" height=\"150\" src=\"https:\/\/www.magister-montium.de\/wp-content\/uploads\/Winterkleid1-150x150.jpg\" class=\"attachment-thumbnail size-thumbnail\" alt=\"\" sizes=\"auto, 100vw\" \/><\/a>\n\t\t\t<\/div><\/figure><figure class='gallery-item'>\n\t\t\t<div class='gallery-icon landscape'>\n\t\t\t\t<a href='https:\/\/www.magister-montium.de\/?attachment_id=1117'><img loading=\"lazy\" decoding=\"async\" width=\"150\" height=\"150\" src=\"https:\/\/www.magister-montium.de\/wp-content\/uploads\/Werktagskleid2-150x150.jpg\" class=\"attachment-thumbnail size-thumbnail\" alt=\"\" sizes=\"auto, 100vw\" \/><\/a>\n\t\t\t<\/div><\/figure><figure class='gallery-item'>\n\t\t\t<div class='gallery-icon portrait'>\n\t\t\t\t<a href='https:\/\/www.magister-montium.de\/?attachment_id=1116'><img loading=\"lazy\" decoding=\"async\" width=\"150\" height=\"150\" src=\"https:\/\/www.magister-montium.de\/wp-content\/uploads\/L1040826-150x150.jpg\" class=\"attachment-thumbnail size-thumbnail\" alt=\"\" sizes=\"auto, 100vw\" \/><\/a>\n\t\t\t<\/div><\/figure><figure class='gallery-item'>\n\t\t\t<div class='gallery-icon landscape'>\n\t\t\t\t<a href='https:\/\/www.magister-montium.de\/?attachment_id=1115'><img loading=\"lazy\" decoding=\"async\" width=\"150\" height=\"150\" src=\"https:\/\/www.magister-montium.de\/wp-content\/uploads\/L1010643-150x150.jpg\" class=\"attachment-thumbnail size-thumbnail\" alt=\"\" sizes=\"auto, 100vw\" \/><\/a>\n\t\t\t<\/div><\/figure><figure class='gallery-item'>\n\t\t\t<div class='gallery-icon landscape'>\n\t\t\t\t<a href='https:\/\/www.magister-montium.de\/?attachment_id=1114'><img loading=\"lazy\" decoding=\"async\" width=\"150\" height=\"150\" src=\"https:\/\/www.magister-montium.de\/wp-content\/uploads\/L1010642-150x150.jpg\" class=\"attachment-thumbnail size-thumbnail\" alt=\"\" sizes=\"auto, 100vw\" \/><\/a>\n\t\t\t<\/div><\/figure><figure class='gallery-item'>\n\t\t\t<div class='gallery-icon landscape'>\n\t\t\t\t<a href='https:\/\/www.magister-montium.de\/?attachment_id=1113'><img loading=\"lazy\" decoding=\"async\" width=\"150\" height=\"150\" src=\"https:\/\/www.magister-montium.de\/wp-content\/uploads\/L1010641-150x150.jpg\" class=\"attachment-thumbnail size-thumbnail\" alt=\"\" sizes=\"auto, 100vw\" \/><\/a>\n\t\t\t<\/div><\/figure><figure class='gallery-item'>\n\t\t\t<div class='gallery-icon landscape'>\n\t\t\t\t<a href='https:\/\/www.magister-montium.de\/?attachment_id=1112'><img loading=\"lazy\" decoding=\"async\" width=\"150\" height=\"150\" src=\"https:\/\/www.magister-montium.de\/wp-content\/uploads\/L1000460-150x150.jpg\" class=\"attachment-thumbnail size-thumbnail\" alt=\"\" sizes=\"auto, 100vw\" \/><\/a>\n\t\t\t<\/div><\/figure><figure class='gallery-item'>\n\t\t\t<div class='gallery-icon landscape'>\n\t\t\t\t<a href='https:\/\/www.magister-montium.de\/?attachment_id=1111'><img loading=\"lazy\" decoding=\"async\" width=\"150\" height=\"150\" src=\"https:\/\/www.magister-montium.de\/wp-content\/uploads\/Kniestr\u00fcmpfe-150x150.jpg\" class=\"attachment-thumbnail size-thumbnail\" alt=\"\" sizes=\"auto, 100vw\" \/><\/a>\n\t\t\t<\/div><\/figure><figure class='gallery-item'>\n\t\t\t<div class='gallery-icon landscape'>\n\t\t\t\t<a href='https:\/\/www.magister-montium.de\/?attachment_id=1110'><img loading=\"lazy\" decoding=\"async\" width=\"150\" height=\"150\" src=\"https:\/\/www.magister-montium.de\/wp-content\/uploads\/Kappa2-150x150.jpg\" class=\"attachment-thumbnail size-thumbnail\" alt=\"\" sizes=\"auto, 100vw\" \/><\/a>\n\t\t\t<\/div><\/figure><figure class='gallery-item'>\n\t\t\t<div class='gallery-icon landscape'>\n\t\t\t\t<a href='https:\/\/www.magister-montium.de\/?attachment_id=1109'><img loading=\"lazy\" decoding=\"async\" width=\"150\" height=\"150\" src=\"https:\/\/www.magister-montium.de\/wp-content\/uploads\/HemdSusanna2-150x150.jpg\" class=\"attachment-thumbnail size-thumbnail\" alt=\"\" sizes=\"auto, 100vw\" \/><\/a>\n\t\t\t<\/div><\/figure><figure class='gallery-item'>\n\t\t\t<div class='gallery-icon landscape'>\n\t\t\t\t<a href='https:\/\/www.magister-montium.de\/?attachment_id=1108'><img loading=\"lazy\" decoding=\"async\" width=\"150\" height=\"150\" src=\"https:\/\/www.magister-montium.de\/wp-content\/uploads\/HemdGuenter2-150x150.jpg\" class=\"attachment-thumbnail size-thumbnail\" alt=\"\" sizes=\"auto, 100vw\" \/><\/a>\n\t\t\t<\/div><\/figure><figure class='gallery-item'>\n\t\t\t<div class='gallery-icon landscape'>\n\t\t\t\t<a href='https:\/\/www.magister-montium.de\/?attachment_id=1107'><img loading=\"lazy\" decoding=\"async\" width=\"150\" height=\"150\" src=\"https:\/\/www.magister-montium.de\/wp-content\/uploads\/Beinlinge-150x150.jpg\" class=\"attachment-thumbnail size-thumbnail\" alt=\"\" sizes=\"auto, 100vw\" \/><\/a>\n\t\t\t<\/div><\/figure><figure class='gallery-item'>\n\t\t\t<div class='gallery-icon portrait'>\n\t\t\t\t<a href='https:\/\/www.magister-montium.de\/?attachment_id=1103'><img loading=\"lazy\" decoding=\"async\" width=\"150\" height=\"150\" src=\"https:\/\/www.magister-montium.de\/wp-content\/uploads\/SeidenkottaSusanna-e1393688168188-150x150.jpg\" class=\"attachment-thumbnail size-thumbnail\" alt=\"\" sizes=\"auto, 100vw\" \/><\/a>\n\t\t\t<\/div><\/figure>\n\t\t<\/div>\n\n","protected":false},"excerpt":{"rendered":"<p>Unser Kleiderfundus wird mit jedem Jahr gr\u00f6\u00dfer. Jedes Mal, wenn ich denke, jetzt hast du endlich alles beieinander, entdecke ich wieder Fehler an den Klamotten. Die Anspr\u00fcche an den Stoff ver\u00e4ndern sich. Ich versuche mich &#8211; bislang dilettantisch &#8211; am Besticken von \u00c4rmel- und Halsbes\u00e4tzen. Man ist Gast bei anderen Gruppen und meint hinterher, man &hellip; <\/p>\n<p class=\"link-more\"><a href=\"https:\/\/www.magister-montium.de\/?page_id=1095\" class=\"more-link\"><span class=\"screen-reader-text\">\u201eKleidung\u201c<\/span> weiterlesen<\/a><\/p>\n","protected":false},"author":1,"featured_media":0,"parent":20,"menu_order":0,"comment_status":"closed","ping_status":"closed","template":"","meta":{"footnotes":""},"class_list":["post-1095","page","type-page","status-publish","hentry"],"_links":{"self":[{"href":"https:\/\/www.magister-montium.de\/index.php?rest_route=\/wp\/v2\/pages\/1095","targetHints":{"allow":["GET"]}}],"collection":[{"href":"https:\/\/www.magister-montium.de\/index.php?rest_route=\/wp\/v2\/pages"}],"about":[{"href":"https:\/\/www.magister-montium.de\/index.php?rest_route=\/wp\/v2\/types\/page"}],"author":[{"embeddable":true,"href":"https:\/\/www.magister-montium.de\/index.php?rest_route=\/wp\/v2\/users\/1"}],"replies":[{"embeddable":true,"href":"https:\/\/www.magister-montium.de\/index.php?rest_route=%2Fwp%2Fv2%2Fcomments&post=1095"}],"version-history":[{"count":7,"href":"https:\/\/www.magister-montium.de\/index.php?rest_route=\/wp\/v2\/pages\/1095\/revisions"}],"predecessor-version":[{"id":1230,"href":"https:\/\/www.magister-montium.de\/index.php?rest_route=\/wp\/v2\/pages\/1095\/revisions\/1230"}],"up":[{"embeddable":true,"href":"https:\/\/www.magister-montium.de\/index.php?rest_route=\/wp\/v2\/pages\/20"}],"wp:attachment":[{"href":"https:\/\/www.magister-montium.de\/index.php?rest_route=%2Fwp%2Fv2%2Fmedia&parent=1095"}],"curies":[{"name":"wp","href":"https:\/\/api.w.org\/{rel}","templated":true}]}}