{"id":1093,"date":"2014-03-01T17:47:10","date_gmt":"2014-03-01T15:47:10","guid":{"rendered":"http:\/\/www.magister-montium.de\/?page_id=1093"},"modified":"2021-08-22T17:55:30","modified_gmt":"2021-08-22T15:55:30","slug":"kochen-essen-trinken","status":"publish","type":"page","link":"https:\/\/www.magister-montium.de\/?page_id=1093","title":{"rendered":"Kochen, Essen, Trinken"},"content":{"rendered":"<p>Unsere Kochstelle sieht meist nach mehr aus als der Verpflegung von zwei Personen und besteht aus einer rechteckigen Feuergrube bzw. einer (nicht &#8222;a&#8220;) rechteckigen Feuerschale. Diese Feuerstelle muss Platz genug haben, um Kugelt\u00f6pfe auf Kohle stellen zu k\u00f6nnen und daneben bzw. dar\u00fcber noch ein Dreibein (aus Holzstangen) und einem an einer geschmiedeten Kette h\u00e4ngenden Topf genug Feuer bieten zu k\u00f6nnen.<\/p>\n<p>Wir benutzen &#8211; je nach vom Veranstalter gew\u00fcnschten Authentizit\u00e4tsgrad &#8211; noch eine gro\u00dfe alte Pfanne, die eine gewisse \u00c4hnlichkeit mit der &#8222;Kn\u00f6delpfanne&#8220; von den Malereien der Burg Hocheppan besitzt. Die kupferne Kasserolle mit Henkel, die wir auf einem Luzerner Flohmarkt erstanden haben, wird inzwischen nicht mehr verwendet. Anstelle dessen denken wir an die Anschaffung eines kleinen kupfernen Kessels nach.<\/p>\n<p><a href=\"https:\/\/www.magister-montium.de\/wp-content\/uploads\/Teller_Becher_Kruege.jpg\"><img loading=\"lazy\" decoding=\"async\" class=\"alignleft size-medium wp-image-1104\" src=\"https:\/\/www.magister-montium.de\/wp-content\/uploads\/Teller_Becher_Kruege-300x225.jpg\" alt=\"Teller_Becher_Kruege\" width=\"300\" height=\"225\" srcset=\"https:\/\/www.magister-montium.de\/wp-content\/uploads\/Teller_Becher_Kruege-300x225.jpg 300w, https:\/\/www.magister-montium.de\/wp-content\/uploads\/Teller_Becher_Kruege-1024x768.jpg 1024w, https:\/\/www.magister-montium.de\/wp-content\/uploads\/Teller_Becher_Kruege-150x112.jpg 150w, https:\/\/www.magister-montium.de\/wp-content\/uploads\/Teller_Becher_Kruege-400x300.jpg 400w\" sizes=\"auto, (max-width: 300px) 100vw, 300px\" \/><\/a> <a href=\"https:\/\/www.magister-montium.de\/wp-content\/uploads\/Licht.jpg\"><img loading=\"lazy\" decoding=\"async\" class=\"alignleft size-medium wp-image-1102\" src=\"https:\/\/www.magister-montium.de\/wp-content\/uploads\/Licht-300x225.jpg\" alt=\"Licht\" width=\"300\" height=\"225\" srcset=\"https:\/\/www.magister-montium.de\/wp-content\/uploads\/Licht-300x225.jpg 300w, https:\/\/www.magister-montium.de\/wp-content\/uploads\/Licht-1024x768.jpg 1024w, https:\/\/www.magister-montium.de\/wp-content\/uploads\/Licht-150x112.jpg 150w, https:\/\/www.magister-montium.de\/wp-content\/uploads\/Licht-400x300.jpg 400w\" sizes=\"auto, (max-width: 300px) 100vw, 300px\" \/><\/a> <a href=\"https:\/\/www.magister-montium.de\/wp-content\/uploads\/Kochgeschirr_unau.jpg\"><img loading=\"lazy\" decoding=\"async\" class=\"alignleft size-medium wp-image-1101\" src=\"https:\/\/www.magister-montium.de\/wp-content\/uploads\/Kochgeschirr_unau-300x225.jpg\" alt=\"Kochgeschirr_unau\" width=\"300\" height=\"225\" srcset=\"https:\/\/www.magister-montium.de\/wp-content\/uploads\/Kochgeschirr_unau-300x225.jpg 300w, https:\/\/www.magister-montium.de\/wp-content\/uploads\/Kochgeschirr_unau-1024x768.jpg 1024w, https:\/\/www.magister-montium.de\/wp-content\/uploads\/Kochgeschirr_unau-150x112.jpg 150w, https:\/\/www.magister-montium.de\/wp-content\/uploads\/Kochgeschirr_unau-400x300.jpg 400w\" sizes=\"auto, (max-width: 300px) 100vw, 300px\" \/><\/a> <a href=\"https:\/\/www.magister-montium.de\/wp-content\/uploads\/Kochgeschirr_au.jpg\"><img loading=\"lazy\" decoding=\"async\" class=\"alignleft size-medium wp-image-1100\" src=\"https:\/\/www.magister-montium.de\/wp-content\/uploads\/Kochgeschirr_au-300x225.jpg\" alt=\"Kochgeschirr_au\" width=\"300\" height=\"225\" srcset=\"https:\/\/www.magister-montium.de\/wp-content\/uploads\/Kochgeschirr_au-300x225.jpg 300w, https:\/\/www.magister-montium.de\/wp-content\/uploads\/Kochgeschirr_au-1024x768.jpg 1024w, https:\/\/www.magister-montium.de\/wp-content\/uploads\/Kochgeschirr_au-150x112.jpg 150w, https:\/\/www.magister-montium.de\/wp-content\/uploads\/Kochgeschirr_au-400x300.jpg 400w\" sizes=\"auto, (max-width: 300px) 100vw, 300px\" \/><\/a><\/p>\n","protected":false},"excerpt":{"rendered":"<p>Unsere Kochstelle sieht meist nach mehr aus als der Verpflegung von zwei Personen und besteht aus einer rechteckigen Feuergrube bzw. einer (nicht &#8222;a&#8220;) rechteckigen Feuerschale. Diese Feuerstelle muss Platz genug haben, um Kugelt\u00f6pfe auf Kohle stellen zu k\u00f6nnen und daneben bzw. dar\u00fcber noch ein Dreibein (aus Holzstangen) und einem an einer geschmiedeten Kette h\u00e4ngenden Topf &hellip; <\/p>\n<p class=\"link-more\"><a href=\"https:\/\/www.magister-montium.de\/?page_id=1093\" class=\"more-link\"><span class=\"screen-reader-text\">\u201eKochen, Essen, Trinken\u201c<\/span> weiterlesen<\/a><\/p>\n","protected":false},"author":1,"featured_media":0,"parent":18,"menu_order":0,"comment_status":"closed","ping_status":"closed","template":"","meta":{"footnotes":""},"class_list":["post-1093","page","type-page","status-publish","hentry"],"_links":{"self":[{"href":"https:\/\/www.magister-montium.de\/index.php?rest_route=\/wp\/v2\/pages\/1093","targetHints":{"allow":["GET"]}}],"collection":[{"href":"https:\/\/www.magister-montium.de\/index.php?rest_route=\/wp\/v2\/pages"}],"about":[{"href":"https:\/\/www.magister-montium.de\/index.php?rest_route=\/wp\/v2\/types\/page"}],"author":[{"embeddable":true,"href":"https:\/\/www.magister-montium.de\/index.php?rest_route=\/wp\/v2\/users\/1"}],"replies":[{"embeddable":true,"href":"https:\/\/www.magister-montium.de\/index.php?rest_route=%2Fwp%2Fv2%2Fcomments&post=1093"}],"version-history":[{"count":4,"href":"https:\/\/www.magister-montium.de\/index.php?rest_route=\/wp\/v2\/pages\/1093\/revisions"}],"predecessor-version":[{"id":1210,"href":"https:\/\/www.magister-montium.de\/index.php?rest_route=\/wp\/v2\/pages\/1093\/revisions\/1210"}],"up":[{"embeddable":true,"href":"https:\/\/www.magister-montium.de\/index.php?rest_route=\/wp\/v2\/pages\/18"}],"wp:attachment":[{"href":"https:\/\/www.magister-montium.de\/index.php?rest_route=%2Fwp%2Fv2%2Fmedia&parent=1093"}],"curies":[{"name":"wp","href":"https:\/\/api.w.org\/{rel}","templated":true}]}}